{"id":10,"date":"2024-06-29T20:12:53","date_gmt":"2024-06-29T18:12:53","guid":{"rendered":"https:\/\/psychologue-carole-pannetier.fr\/?page_id=10"},"modified":"2025-08-03T20:46:43","modified_gmt":"2025-08-03T18:46:43","slug":"accueil","status":"publish","type":"page","link":"https:\/\/psychologue-carole-pannetier.fr\/","title":{"rendered":"accueil"},"content":{"rendered":"<p>[et_pb_section fb_built=\u00a0\u00bb1&Prime; _builder_version=\u00a0\u00bb4.25.2&Prime; _module_preset=\u00a0\u00bbdefault\u00a0\u00bb background_image=\u00a0\u00bbhttps:\/\/psychologue-carole-pannetier.fr\/wp-content\/uploads\/2024\/06\/pexels-eberhardgross-12486830.jpg\u00a0\u00bb background_size=\u00a0\u00bbstretch\u00a0\u00bb custom_margin=\u00a0\u00bb0px||||false|false\u00a0\u00bb custom_padding=\u00a0\u00bb0px||||false|false\u00a0\u00bb global_colors_info=\u00a0\u00bb{}\u00a0\u00bb][et_pb_row column_structure=\u00a0\u00bb3_5,2_5&Prime; _builder_version=\u00a0\u00bb4.25.2&Prime; _module_preset=\u00a0\u00bbdefault\u00a0\u00bb global_colors_info=\u00a0\u00bb{}\u00a0\u00bb][et_pb_column type=\u00a0\u00bb3_5&Prime; _builder_version=\u00a0\u00bb4.25.2&Prime; _module_preset=\u00a0\u00bbdefault\u00a0\u00bb global_colors_info=\u00a0\u00bb{}\u00a0\u00bb][et_pb_text module_id=\u00a0\u00bbpratique\u00a0\u00bb _builder_version=\u00a0\u00bb4.25.2&Prime; _module_preset=\u00a0\u00bbdefault\u00a0\u00bb text_text_color=\u00a0\u00bb#000000&Prime; custom_padding=\u00a0\u00bb30px||||false|false\u00a0\u00bb hover_enabled=\u00a0\u00bb0&Prime; global_colors_info=\u00a0\u00bb{}\u00a0\u00bb sticky_enabled=\u00a0\u00bb0&Prime; text_font_size=\u00a0\u00bb16px\u00a0\u00bb]<\/p>\n<p><strong>Ma pratique<\/strong><\/p>\n<p align=\"justify\">Je propose d&rsquo;\u00e9couter les personnes qui s&rsquo;adressent \u00e0 moi, avec neutralit\u00e9, absence de jugement, et dans le respect du secret professionnel, afin d\u2019accueillir et accompagner au mieux leur demande.<\/p>\n<p align=\"justify\">Psychologue clinicienne et psychanalyste, j&rsquo;ai travaill\u00e9 aupr\u00e8s d&rsquo;adultes, d&rsquo;adolescents et d&rsquo;enfants, dans diff\u00e9rentes structures (hospitalier, centre de soin).<\/p>\n<p align=\"justify\">Je nourris ma pratique de la clinique contemporaine en me tenant au fait des recherches les plus actuelles dans ce domaine au sein d\u2019associations et de groupes de travail professionnels.<\/p>\n<p>[\/et_pb_text][\/et_pb_column][et_pb_column type=\u00a0\u00bb2_5&Prime; _builder_version=\u00a0\u00bb4.25.2&Prime; _module_preset=\u00a0\u00bbdefault\u00a0\u00bb global_colors_info=\u00a0\u00bb{}\u00a0\u00bb][et_pb_testimonial author=\u00a0\u00bbD\u00e9ontologie\u00a0\u00bb portrait_url=\u00a0\u00bbhttps:\/\/psychologue-carole-pannetier.fr\/wp-content\/uploads\/2024\/08\/pexels-pnw-prod-8250990.jpg\u00a0\u00bb module_id=\u00a0\u00bbdeontologie\u00a0\u00bb _builder_version=\u00a0\u00bb4.25.2&Prime; _module_preset=\u00a0\u00bbdefault\u00a0\u00bb custom_margin=\u00a0\u00bb20px||||false|false\u00a0\u00bb animation_style=\u00a0\u00bbfade\u00a0\u00bb global_colors_info=\u00a0\u00bb{}\u00a0\u00bb]<\/p>\n<p align=\"justify\">En tant que psychologue clinicienne, je travaille dans le respect du code de d\u00e9ontologie des psychologues, consultable ici : <a href=\"https:\/\/www.codededeontologiedespsychologues.fr\/\" target=\"_blank\" rel=\"noopener\">Code de D\u00e9ontologie<\/a><\/p>\n<p>[\/et_pb_testimonial][\/et_pb_column][\/et_pb_row][\/et_pb_section][et_pb_section fb_built=\u00a0\u00bb1&Prime; _builder_version=\u00a0\u00bb4.25.2&Prime; _module_preset=\u00a0\u00bbdefault\u00a0\u00bb global_colors_info=\u00a0\u00bb{}\u00a0\u00bb][et_pb_row _builder_version=\u00a0\u00bb4.25.2&Prime; _module_preset=\u00a0\u00bbdefault\u00a0\u00bb global_colors_info=\u00a0\u00bb{}\u00a0\u00bb][et_pb_column type=\u00a0\u00bb4_4&Prime; _builder_version=\u00a0\u00bb4.25.2&Prime; _module_preset=\u00a0\u00bbdefault\u00a0\u00bb global_colors_info=\u00a0\u00bb{}\u00a0\u00bb][et_pb_button button_url=\u00a0\u00bbhttps:\/\/www.doctolib.fr\/psychologue\/aix-en-provence\/carole-pannetier\u00a0\u00bb url_new_window=\u00a0\u00bbon\u00a0\u00bb button_text=\u00a0\u00bbRDV en pr\u00e9sentiel sur Doctolib\u00a0\u00bb button_alignment=\u00a0\u00bbcenter\u00a0\u00bb module_id=\u00a0\u00bbrdv\u00a0\u00bb _builder_version=\u00a0\u00bb4.25.2&Prime; _module_preset=\u00a0\u00bbdefault\u00a0\u00bb custom_button=\u00a0\u00bbon\u00a0\u00bb button_text_color=\u00a0\u00bb#FFFFFF\u00a0\u00bb button_bg_color=\u00a0\u00bb#8184b7&Prime; global_colors_info=\u00a0\u00bb{}\u00a0\u00bb][\/et_pb_button][\/et_pb_column][\/et_pb_row][et_pb_row column_structure=\u00a0\u00bb1_2,1_2&Prime; _builder_version=\u00a0\u00bb4.25.2&Prime; _module_preset=\u00a0\u00bbdefault\u00a0\u00bb global_colors_info=\u00a0\u00bb{}\u00a0\u00bb][et_pb_column type=\u00a0\u00bb1_2&Prime; _builder_version=\u00a0\u00bb4.25.2&Prime; _module_preset=\u00a0\u00bbdefault\u00a0\u00bb global_colors_info=\u00a0\u00bb{}\u00a0\u00bb][et_pb_map address=\u00a0\u00bb95 Av. de Grenade, 13100 Aix-en-Provence, France\u00a0\u00bb address_lat=\u00a0\u00bb43.526762&Prime; address_lng=\u00a0\u00bb5.4383054&Prime; _builder_version=\u00a0\u00bb4.25.2&Prime; _module_preset=\u00a0\u00bbdefault\u00a0\u00bb height=\u00a0\u00bb300px\u00a0\u00bb global_colors_info=\u00a0\u00bb{}\u00a0\u00bb][et_pb_map_pin pin_address=\u00a0\u00bb95 Av. de Grenade, 13100 Aix-en-Provence, France\u00a0\u00bb pin_address_lat=\u00a0\u00bb43.526762&Prime; pin_address_lng=\u00a0\u00bb5.4383054&Prime; _builder_version=\u00a0\u00bb4.25.2&Prime; _module_preset=\u00a0\u00bbdefault\u00a0\u00bb global_colors_info=\u00a0\u00bb{}\u00a0\u00bb][\/et_pb_map_pin][\/et_pb_map][et_pb_text _builder_version=\u00a0\u00bb4.25.2&Prime; _module_preset=\u00a0\u00bbdefault\u00a0\u00bb hover_enabled=\u00a0\u00bb0&Prime; global_colors_info=\u00a0\u00bb{}\u00a0\u00bb text_font_size=\u00a0\u00bb16px\u00a0\u00bb sticky_enabled=\u00a0\u00bb0&Prime;]<\/p>\n<h3>Cabinet de Soins<\/h3>\n<p><strong>95 avenue de Grenade,<\/strong><br \/><strong>13100, Aix-en-Provence<\/strong><\/p>\n<p>[\/et_pb_text][\/et_pb_column][et_pb_column type=\u00a0\u00bb1_2&Prime; _builder_version=\u00a0\u00bb4.25.2&Prime; _module_preset=\u00a0\u00bbdefault\u00a0\u00bb global_colors_info=\u00a0\u00bb{}\u00a0\u00bb][et_pb_image src=\u00a0\u00bbhttps:\/\/psychologue-carole-pannetier.fr\/wp-content\/uploads\/2025\/03\/pexels-cottonbro-5053746.png\u00a0\u00bb title_text=\u00a0\u00bbpexels-cottonbro-5053746&Prime; _builder_version=\u00a0\u00bb4.25.2&Prime; _module_preset=\u00a0\u00bbdefault\u00a0\u00bb animation_style=\u00a0\u00bbbounce\u00a0\u00bb global_colors_info=\u00a0\u00bb{}\u00a0\u00bb][\/et_pb_image][\/et_pb_column][\/et_pb_row][\/et_pb_section][et_pb_section fb_built=\u00a0\u00bb1&Prime; _builder_version=\u00a0\u00bb4.25.2&Prime; _module_preset=\u00a0\u00bbdefault\u00a0\u00bb background_color=\u00a0\u00bb#8184b7&Prime; global_colors_info=\u00a0\u00bb{}\u00a0\u00bb][et_pb_row _builder_version=\u00a0\u00bb4.25.2&Prime; _module_preset=\u00a0\u00bbdefault\u00a0\u00bb hover_enabled=\u00a0\u00bb0&Prime; global_colors_info=\u00a0\u00bb{}\u00a0\u00bb sticky_enabled=\u00a0\u00bb0&Prime;][et_pb_column type=\u00a0\u00bb4_4&Prime; _builder_version=\u00a0\u00bb4.25.2&Prime; _module_preset=\u00a0\u00bbdefault\u00a0\u00bb global_colors_info=\u00a0\u00bb{}\u00a0\u00bb][et_pb_text module_id=\u00a0\u00bbcontrat\u00a0\u00bb _builder_version=\u00a0\u00bb4.25.2&Prime; _module_preset=\u00a0\u00bbdefault\u00a0\u00bb text_text_color=\u00a0\u00bb#FFFFFF\u00a0\u00bb header_text_color=\u00a0\u00bb#FFFFFF\u00a0\u00bb animation_style=\u00a0\u00bbbounce\u00a0\u00bb hover_enabled=\u00a0\u00bb0&Prime; global_colors_info=\u00a0\u00bb{}\u00a0\u00bb text_font_size=\u00a0\u00bb17px\u00a0\u00bb sticky_enabled=\u00a0\u00bb0&Prime;]<\/p>\n<p align=\"justify\"><strong>Contrat Moral<\/strong><\/p>\n<p align=\"justify\"><i>La r\u00e9gularit\u00e9 et l\u2019engagement dans le travail en s\u00e9ance<\/i> est gage d\u2019effets pour le patient. Une s\u00e9ance peut ainsi avoir lieu par t\u00e9l\u00e9phone ou en visio lorsque le patient est en cong\u00e9.<\/p>\n<p align=\"justify\"><i>Le respect des rendez-vous pris<\/i> est la r\u00e8gle : toute s\u00e9ance programm\u00e9e est due. A noter, le paiement s\u2019effectue en fin de s\u00e9ance, par ch\u00e8que ou en liquide.<\/p>\n<p align=\"justify\"><i>La parole \u2018libre\u2019<\/i>, sur le principe de la libre-association d\u2019id\u00e9es, hors jugement, oriente le travail.<\/p>\n<p align=\"justify\">Le travail s&rsquo;effectue <em>dans le respect du secret professionnel<\/em>. A l\u2019exception du r\u00e9cit d\u2019une situation engageant la vie du patient ou d\u2019une autre personne de sa connaissance, impliquant un devoir d\u2019assistance, command\u00e9 par la loi.<\/p>\n<p>[\/et_pb_text][\/et_pb_column][\/et_pb_row][\/et_pb_section][et_pb_section fb_built=\u00a0\u00bb1&Prime; _builder_version=\u00a0\u00bb4.25.2&Prime; _module_preset=\u00a0\u00bbdefault\u00a0\u00bb background_color=\u00a0\u00bb#FFFFFF\u00a0\u00bb global_colors_info=\u00a0\u00bb{}\u00a0\u00bb][et_pb_row _builder_version=\u00a0\u00bb4.25.2&Prime; _module_preset=\u00a0\u00bbdefault\u00a0\u00bb global_colors_info=\u00a0\u00bb{}\u00a0\u00bb][et_pb_column type=\u00a0\u00bb4_4&Prime; _builder_version=\u00a0\u00bb4.25.2&Prime; _module_preset=\u00a0\u00bbdefault\u00a0\u00bb global_colors_info=\u00a0\u00bb{}\u00a0\u00bb][et_pb_text _builder_version=\u00a0\u00bb4.25.2&Prime; _module_preset=\u00a0\u00bbdefault\u00a0\u00bb text_text_color=\u00a0\u00bb#FFFFFF\u00a0\u00bb header_text_color=\u00a0\u00bb#000000&Prime; global_colors_info=\u00a0\u00bb{}\u00a0\u00bb]<\/p>\n<h1 style=\"text-align: center;\">Journal<\/h1>\n<p>[\/et_pb_text][et_pb_blog fullwidth=\u00a0\u00bboff\u00a0\u00bb posts_number=\u00a0\u00bb20&Prime; include_categories=\u00a0\u00bb5&Prime; excerpt_length=\u00a0\u00bb150&Prime; show_more=\u00a0\u00bbon\u00a0\u00bb show_author=\u00a0\u00bboff\u00a0\u00bb show_categories=\u00a0\u00bboff\u00a0\u00bb _builder_version=\u00a0\u00bb4.25.2&Prime; _module_preset=\u00a0\u00bbdefault\u00a0\u00bb animation_style=\u00a0\u00bbflip\u00a0\u00bb global_colors_info=\u00a0\u00bb{}\u00a0\u00bb][\/et_pb_blog][\/et_pb_column][\/et_pb_row][\/et_pb_section][et_pb_section fb_built=\u00a0\u00bb1&Prime; _builder_version=\u00a0\u00bb4.25.2&Prime; _module_preset=\u00a0\u00bbdefault\u00a0\u00bb background_color=\u00a0\u00bb#8184b7&Prime; global_colors_info=\u00a0\u00bb{}\u00a0\u00bb][et_pb_row _builder_version=\u00a0\u00bb4.25.2&Prime; _module_preset=\u00a0\u00bbdefault\u00a0\u00bb global_colors_info=\u00a0\u00bb{}\u00a0\u00bb][et_pb_column type=\u00a0\u00bb4_4&Prime; _builder_version=\u00a0\u00bb4.25.2&Prime; _module_preset=\u00a0\u00bbdefault\u00a0\u00bb global_colors_info=\u00a0\u00bb{}\u00a0\u00bb][et_pb_text module_id=\u00a0\u00bbformation\u00a0\u00bb _builder_version=\u00a0\u00bb4.25.2&Prime; _module_preset=\u00a0\u00bbdefault\u00a0\u00bb text_text_color=\u00a0\u00bb#FFFFFF\u00a0\u00bb header_text_color=\u00a0\u00bb#FFFFFF\u00a0\u00bb hover_enabled=\u00a0\u00bb0&Prime; global_colors_info=\u00a0\u00bb{}\u00a0\u00bb text_font_size=\u00a0\u00bb17px\u00a0\u00bb sticky_enabled=\u00a0\u00bb0&Prime;]<\/p>\n<p><strong>Formation<\/strong><\/p>\n<p>Master 2 &#8211; Psychanalyse et Psychopathologie<br \/>Universit\u00e9 Aix-Marseille<\/p>\n<p>Licence &#8211; Psychologie et Psychopathologie<br \/>Universit\u00e9 Paris 8<\/p>\n<p>Membre de l&rsquo;A.L.I. (Association Lacanienne Internationale)<\/p>\n<p>[\/et_pb_text][\/et_pb_column][\/et_pb_row][\/et_pb_section]<\/p>\n","protected":false},"excerpt":{"rendered":"<p>Ma pratique Je propose d&rsquo;\u00e9couter les personnes qui s&rsquo;adressent \u00e0 moi, avec neutralit\u00e9, absence de jugement, et dans le respect du secret professionnel, afin d\u2019accueillir et accompagner au mieux leur demande. Psychologue clinicienne et psychanalyste, j&rsquo;ai travaill\u00e9 aupr\u00e8s d&rsquo;adultes, d&rsquo;adolescents et d&rsquo;enfants, dans diff\u00e9rentes structures (hospitalier, centre de soin). Je nourris ma pratique de la [&hellip;]<\/p>\n","protected":false},"author":1,"featured_media":0,"parent":0,"menu_order":0,"comment_status":"closed","ping_status":"closed","template":"","meta":{"_et_pb_use_builder":"on","_et_pb_old_content":"","_et_gb_content_width":"","footnotes":""},"class_list":["post-10","page","type-page","status-publish","hentry"],"yoast_head":"<!-- This site is optimized with the Yoast SEO plugin v25.7 - https:\/\/yoast.com\/wordpress\/plugins\/seo\/ -->\n<title>accueil - Carole Pannetier<\/title>\n<meta name=\"robots\" content=\"index, follow, max-snippet:-1, max-image-preview:large, max-video-preview:-1\" \/>\n<link rel=\"canonical\" href=\"https:\/\/psychologue-carole-pannetier.fr\/\" \/>\n<meta property=\"og:locale\" content=\"fr_FR\" \/>\n<meta property=\"og:type\" content=\"article\" \/>\n<meta property=\"og:title\" content=\"accueil - Carole Pannetier\" \/>\n<meta property=\"og:description\" content=\"Ma pratique Je propose d&#039;\u00e9couter les personnes qui s&#039;adressent \u00e0 moi, avec neutralit\u00e9, absence de jugement, et dans le respect du secret professionnel, afin d\u2019accueillir et accompagner au mieux leur demande. Psychologue clinicienne et psychanalyste, j&#039;ai travaill\u00e9 aupr\u00e8s d&#039;adultes, d&#039;adolescents et d&#039;enfants, dans diff\u00e9rentes structures (hospitalier, centre de soin). Je nourris ma pratique de la [&hellip;]\" \/>\n<meta property=\"og:url\" content=\"https:\/\/psychologue-carole-pannetier.fr\/\" \/>\n<meta property=\"og:site_name\" content=\"Carole Pannetier\" \/>\n<meta property=\"article:modified_time\" content=\"2025-08-03T18:46:43+00:00\" \/>\n<meta name=\"twitter:card\" content=\"summary_large_image\" \/>\n<meta name=\"twitter:label1\" content=\"Dur\u00e9e de lecture estim\u00e9e\" \/>\n\t<meta name=\"twitter:data1\" content=\"5 minutes\" \/>\n<script type=\"application\/ld+json\" class=\"yoast-schema-graph\">{\"@context\":\"https:\/\/schema.org\",\"@graph\":[{\"@type\":\"WebPage\",\"@id\":\"https:\/\/psychologue-carole-pannetier.fr\/\",\"url\":\"https:\/\/psychologue-carole-pannetier.fr\/\",\"name\":\"accueil - Carole Pannetier\",\"isPartOf\":{\"@id\":\"https:\/\/psychologue-carole-pannetier.fr\/#website\"},\"datePublished\":\"2024-06-29T18:12:53+00:00\",\"dateModified\":\"2025-08-03T18:46:43+00:00\",\"breadcrumb\":{\"@id\":\"https:\/\/psychologue-carole-pannetier.fr\/#breadcrumb\"},\"inLanguage\":\"fr-FR\",\"potentialAction\":[{\"@type\":\"ReadAction\",\"target\":[\"https:\/\/psychologue-carole-pannetier.fr\/\"]}]},{\"@type\":\"BreadcrumbList\",\"@id\":\"https:\/\/psychologue-carole-pannetier.fr\/#breadcrumb\",\"itemListElement\":[{\"@type\":\"ListItem\",\"position\":1,\"name\":\"Accueil\",\"item\":\"https:\/\/psychologue-carole-pannetier.fr\/\"},{\"@type\":\"ListItem\",\"position\":2,\"name\":\"accueil\"}]},{\"@type\":\"WebSite\",\"@id\":\"https:\/\/psychologue-carole-pannetier.fr\/#website\",\"url\":\"https:\/\/psychologue-carole-pannetier.fr\/\",\"name\":\"Carole Pannetier\",\"description\":\"Psychologue Psychanalyste\",\"potentialAction\":[{\"@type\":\"SearchAction\",\"target\":{\"@type\":\"EntryPoint\",\"urlTemplate\":\"https:\/\/psychologue-carole-pannetier.fr\/?s={search_term_string}\"},\"query-input\":{\"@type\":\"PropertyValueSpecification\",\"valueRequired\":true,\"valueName\":\"search_term_string\"}}],\"inLanguage\":\"fr-FR\"}]}<\/script>\n<!-- \/ Yoast SEO plugin. -->","yoast_head_json":{"title":"accueil - Carole Pannetier","robots":{"index":"index","follow":"follow","max-snippet":"max-snippet:-1","max-image-preview":"max-image-preview:large","max-video-preview":"max-video-preview:-1"},"canonical":"https:\/\/psychologue-carole-pannetier.fr\/","og_locale":"fr_FR","og_type":"article","og_title":"accueil - Carole Pannetier","og_description":"Ma pratique Je propose d'\u00e9couter les personnes qui s'adressent \u00e0 moi, avec neutralit\u00e9, absence de jugement, et dans le respect du secret professionnel, afin d\u2019accueillir et accompagner au mieux leur demande. Psychologue clinicienne et psychanalyste, j'ai travaill\u00e9 aupr\u00e8s d'adultes, d'adolescents et d'enfants, dans diff\u00e9rentes structures (hospitalier, centre de soin). Je nourris ma pratique de la [&hellip;]","og_url":"https:\/\/psychologue-carole-pannetier.fr\/","og_site_name":"Carole Pannetier","article_modified_time":"2025-08-03T18:46:43+00:00","twitter_card":"summary_large_image","twitter_misc":{"Dur\u00e9e de lecture estim\u00e9e":"5 minutes"},"schema":{"@context":"https:\/\/schema.org","@graph":[{"@type":"WebPage","@id":"https:\/\/psychologue-carole-pannetier.fr\/","url":"https:\/\/psychologue-carole-pannetier.fr\/","name":"accueil - Carole Pannetier","isPartOf":{"@id":"https:\/\/psychologue-carole-pannetier.fr\/#website"},"datePublished":"2024-06-29T18:12:53+00:00","dateModified":"2025-08-03T18:46:43+00:00","breadcrumb":{"@id":"https:\/\/psychologue-carole-pannetier.fr\/#breadcrumb"},"inLanguage":"fr-FR","potentialAction":[{"@type":"ReadAction","target":["https:\/\/psychologue-carole-pannetier.fr\/"]}]},{"@type":"BreadcrumbList","@id":"https:\/\/psychologue-carole-pannetier.fr\/#breadcrumb","itemListElement":[{"@type":"ListItem","position":1,"name":"Accueil","item":"https:\/\/psychologue-carole-pannetier.fr\/"},{"@type":"ListItem","position":2,"name":"accueil"}]},{"@type":"WebSite","@id":"https:\/\/psychologue-carole-pannetier.fr\/#website","url":"https:\/\/psychologue-carole-pannetier.fr\/","name":"Carole Pannetier","description":"Psychologue Psychanalyste","potentialAction":[{"@type":"SearchAction","target":{"@type":"EntryPoint","urlTemplate":"https:\/\/psychologue-carole-pannetier.fr\/?s={search_term_string}"},"query-input":{"@type":"PropertyValueSpecification","valueRequired":true,"valueName":"search_term_string"}}],"inLanguage":"fr-FR"}]}},"_links":{"self":[{"href":"https:\/\/psychologue-carole-pannetier.fr\/index.php\/wp-json\/wp\/v2\/pages\/10","targetHints":{"allow":["GET"]}}],"collection":[{"href":"https:\/\/psychologue-carole-pannetier.fr\/index.php\/wp-json\/wp\/v2\/pages"}],"about":[{"href":"https:\/\/psychologue-carole-pannetier.fr\/index.php\/wp-json\/wp\/v2\/types\/page"}],"author":[{"embeddable":true,"href":"https:\/\/psychologue-carole-pannetier.fr\/index.php\/wp-json\/wp\/v2\/users\/1"}],"replies":[{"embeddable":true,"href":"https:\/\/psychologue-carole-pannetier.fr\/index.php\/wp-json\/wp\/v2\/comments?post=10"}],"version-history":[{"count":36,"href":"https:\/\/psychologue-carole-pannetier.fr\/index.php\/wp-json\/wp\/v2\/pages\/10\/revisions"}],"predecessor-version":[{"id":113,"href":"https:\/\/psychologue-carole-pannetier.fr\/index.php\/wp-json\/wp\/v2\/pages\/10\/revisions\/113"}],"wp:attachment":[{"href":"https:\/\/psychologue-carole-pannetier.fr\/index.php\/wp-json\/wp\/v2\/media?parent=10"}],"curies":[{"name":"wp","href":"https:\/\/api.w.org\/{rel}","templated":true}]}}